{"id":18591,"date":"2021-09-23T08:04:13","date_gmt":"2021-09-23T08:04:13","guid":{"rendered":"https:\/\/futurfruit.com\/?page_id=18591"},"modified":"2021-09-27T06:44:52","modified_gmt":"2021-09-27T06:44:52","slug":"productos-2","status":"publish","type":"page","link":"https:\/\/futurfruit.com\/index.php\/productos-2\/","title":{"rendered":"Productos"},"content":{"rendered":"\t\t<div data-elementor-type=\"wp-page\" data-elementor-id=\"18591\" class=\"elementor elementor-18591\">\n\t\t\t\t\t\t<section class=\"elementor-section elementor-top-section elementor-element elementor-element-ae43aa6 elementor-section-boxed elementor-section-height-default elementor-section-height-default\" data-id=\"ae43aa6\" data-element_type=\"section\" data-e-type=\"section\">\n\t\t\t\t\t\t<div class=\"elementor-container elementor-column-gap-default\">\n\t\t\t\t\t<div class=\"elementor-column elementor-col-50 elementor-top-column elementor-element elementor-element-38d2497\" data-id=\"38d2497\" data-element_type=\"column\" data-e-type=\"column\">\n\t\t\t<div class=\"elementor-widget-wrap elementor-element-populated\">\n\t\t\t\t\t\t<div class=\"elementor-element elementor-element-e5c3312 elementor-widget elementor-widget-heading\" data-id=\"e5c3312\" data-element_type=\"widget\" data-e-type=\"widget\" data-widget_type=\"heading.default\">\n\t\t\t\t<div class=\"elementor-widget-container\">\n\t\t\t\t\t<h2 class=\"elementor-heading-title elementor-size-default\">Productos biol\u00f3gicos<\/h2>\t\t\t\t<\/div>\n\t\t\t\t<\/div>\n\t\t\t\t<div class=\"elementor-element elementor-element-36b2e25 elementor-widget elementor-widget-text-editor\" data-id=\"36b2e25\" data-element_type=\"widget\" data-e-type=\"widget\" data-widget_type=\"text-editor.default\">\n\t\t\t\t<div class=\"elementor-widget-container\">\n\t\t\t\t\t\t\t\t\t<p style=\"text-align: left;\">En <strong>Futurfruit<\/strong> destacamos por nuestra <strong>amplio abanico<\/strong>\u00a0de productos biol\u00f3gicos debido a nuestra <strong>gran red de productores<\/strong> extendidos por todo el territorio nacional y zonas de Europa.<\/p><p style=\"text-align: left;\">Todos nuestros productos est\u00e1n <strong>certificados<\/strong> y bajo una estricta <strong>trazabilidad<\/strong>, con sus respectivas anal\u00edticas y controles de<strong> calidad<\/strong> para asegurarnos de que el cliente obtiene\u00a0 la m\u00e1xima satisfacci\u00f3n en cada operaci\u00f3n.<\/p><p>Creemos que el agricultor es la pieza fundamental en este sistema y por lo cual siempre priorizamos su bienestar y le proporcionamos apoyo en el campo. Lo que nos permite conocer a la perfecci\u00f3n cada uno de los productos que distribuimos<\/p><h5 style=\"text-align: left;\">Atendemos diferentes l\u00edneas de productos:<\/h5>\t\t\t\t\t\t\t\t<\/div>\n\t\t\t\t<\/div>\n\t\t\t\t<div class=\"elementor-element elementor-element-ce7f7c2 elementor-icon-list--layout-traditional elementor-list-item-link-full_width elementor-widget elementor-widget-icon-list\" data-id=\"ce7f7c2\" data-element_type=\"widget\" data-e-type=\"widget\" data-widget_type=\"icon-list.default\">\n\t\t\t\t<div class=\"elementor-widget-container\">\n\t\t\t\t\t\t\t<ul class=\"elementor-icon-list-items\">\n\t\t\t\t\t\t\t<li class=\"elementor-icon-list-item\">\n\t\t\t\t\t\t\t\t\t\t\t<span class=\"elementor-icon-list-icon\">\n\t\t\t\t\t\t\t<i aria-hidden=\"true\" class=\"fas fa-check\"><\/i>\t\t\t\t\t\t<\/span>\n\t\t\t\t\t\t\t\t\t\t<span class=\"elementor-icon-list-text\">Verduras y Hortalizas<\/span>\n\t\t\t\t\t\t\t\t\t<\/li>\n\t\t\t\t\t\t\t\t<li class=\"elementor-icon-list-item\">\n\t\t\t\t\t\t\t\t\t\t\t<span class=\"elementor-icon-list-icon\">\n\t\t\t\t\t\t\t<i aria-hidden=\"true\" class=\"fas fa-check\"><\/i>\t\t\t\t\t\t<\/span>\n\t\t\t\t\t\t\t\t\t\t<span class=\"elementor-icon-list-text\">Frutas<\/span>\n\t\t\t\t\t\t\t\t\t<\/li>\n\t\t\t\t\t\t\t\t<li class=\"elementor-icon-list-item\">\n\t\t\t\t\t\t\t\t\t\t\t<span class=\"elementor-icon-list-icon\">\n\t\t\t\t\t\t\t<i aria-hidden=\"true\" class=\"fas fa-check\"><\/i>\t\t\t\t\t\t<\/span>\n\t\t\t\t\t\t\t\t\t\t<span class=\"elementor-icon-list-text\">Legumbres<\/span>\n\t\t\t\t\t\t\t\t\t<\/li>\n\t\t\t\t\t\t\t\t<li class=\"elementor-icon-list-item\">\n\t\t\t\t\t\t\t\t\t\t\t<span class=\"elementor-icon-list-icon\">\n\t\t\t\t\t\t\t<i aria-hidden=\"true\" class=\"fas fa-check\"><\/i>\t\t\t\t\t\t<\/span>\n\t\t\t\t\t\t\t\t\t\t<span class=\"elementor-icon-list-text\">Elaborados <\/span>\n\t\t\t\t\t\t\t\t\t<\/li>\n\t\t\t\t\t\t<\/ul>\n\t\t\t\t\t\t<\/div>\n\t\t\t\t<\/div>\n\t\t\t\t<div class=\"elementor-element elementor-element-946c40d elementor-widget elementor-widget-text-editor\" data-id=\"946c40d\" data-element_type=\"widget\" data-e-type=\"widget\" data-widget_type=\"text-editor.default\">\n\t\t\t\t<div class=\"elementor-widget-container\">\n\t\t\t\t\t\t\t\t\t<h5 style=\"margin: 0;\">Siembras programadas:<\/h5><p>Trabajar directamente con el campo nos permite utilizar distintos sistemas de trabajo, uno de ellos es la posibilidad de hacer siembras programadas a demanda del cliente para asegurar que tiene disponibilidad del producto en el momento que lo necesite. Contamos con los agricultores de todo el territorio para poder afrontar todo tipo de cultivo seg\u00fan sus requerimientos edafoclim\u00e1ticos.<\/p><h5 style=\"margin-top: 15px;\">Disponibilidad de producto<\/h5><p>En breves entrara una actualizaci\u00f3n de la p\u00e1gina a trav\u00e9s de la cual podr\u00e9is conocer la disponibilidad de producto que tenemos en stock en cada momento para operaciones inmediatas. Para otros productos fuera de esta lista solemos trabajar en plazos de m\u00e1ximo 24\/48h.<\/p>\t\t\t\t\t\t\t\t<\/div>\n\t\t\t\t<\/div>\n\t\t\t\t\t<\/div>\n\t\t<\/div>\n\t\t\t\t<div class=\"elementor-column elementor-col-50 elementor-top-column elementor-element elementor-element-26483f6\" data-id=\"26483f6\" data-element_type=\"column\" data-e-type=\"column\">\n\t\t\t<div class=\"elementor-widget-wrap elementor-element-populated\">\n\t\t\t\t\t\t<div class=\"elementor-element elementor-element-edabad7 elementor-widget elementor-widget-image\" data-id=\"edabad7\" data-element_type=\"widget\" data-e-type=\"widget\" data-widget_type=\"image.default\">\n\t\t\t\t<div class=\"elementor-widget-container\">\n\t\t\t\t\t\t\t\t\t\t\t\t\t\t\t<img fetchpriority=\"high\" decoding=\"async\" width=\"693\" height=\"390\" src=\"https:\/\/futurfruit.com\/wp-content\/uploads\/2021\/07\/productos.jpg\" class=\"attachment-large size-large wp-image-18503\" alt=\"\" \/>\t\t\t\t\t\t\t\t\t\t\t\t\t\t\t<\/div>\n\t\t\t\t<\/div>\n\t\t\t\t\t<\/div>\n\t\t<\/div>\n\t\t\t\t\t<\/div>\n\t\t<\/section>\n\t\t\t\t<\/div>\n\t\t","protected":false},"excerpt":{"rendered":"<p>Productos biol\u00f3gicos En Futurfruit destacamos por nuestra amplio abanico\u00a0de productos biol\u00f3gicos debido a nuestra gran red de productores extendidos por todo el territorio nacional y zonas de Europa. Todos nuestros productos est\u00e1n certificados y bajo una estricta trazabilidad, con sus respectivas anal\u00edticas y controles de calidad para asegurarnos de que el cliente obtiene\u00a0 la m\u00e1xima [&hellip;]<\/p>\n","protected":false},"author":1,"featured_media":0,"parent":0,"menu_order":0,"comment_status":"closed","ping_status":"closed","template":"","meta":{"inline_featured_image":false,"footnotes":""},"class_list":["post-18591","page","type-page","status-publish","hentry"],"_links":{"self":[{"href":"https:\/\/futurfruit.com\/index.php\/wp-json\/wp\/v2\/pages\/18591","targetHints":{"allow":["GET"]}}],"collection":[{"href":"https:\/\/futurfruit.com\/index.php\/wp-json\/wp\/v2\/pages"}],"about":[{"href":"https:\/\/futurfruit.com\/index.php\/wp-json\/wp\/v2\/types\/page"}],"author":[{"embeddable":true,"href":"https:\/\/futurfruit.com\/index.php\/wp-json\/wp\/v2\/users\/1"}],"replies":[{"embeddable":true,"href":"https:\/\/futurfruit.com\/index.php\/wp-json\/wp\/v2\/comments?post=18591"}],"version-history":[{"count":6,"href":"https:\/\/futurfruit.com\/index.php\/wp-json\/wp\/v2\/pages\/18591\/revisions"}],"predecessor-version":[{"id":18635,"href":"https:\/\/futurfruit.com\/index.php\/wp-json\/wp\/v2\/pages\/18591\/revisions\/18635"}],"wp:attachment":[{"href":"https:\/\/futurfruit.com\/index.php\/wp-json\/wp\/v2\/media?parent=18591"}],"curies":[{"name":"wp","href":"https:\/\/api.w.org\/{rel}","templated":true}]}}